{"id":7,"date":"2026-02-05T20:07:04","date_gmt":"2026-02-05T20:07:04","guid":{"rendered":"https:\/\/skupautamaziss.pl\/?page_id=7"},"modified":"2026-02-12T14:04:29","modified_gmt":"2026-02-12T14:04:29","slug":"strona-domowa","status":"publish","type":"page","link":"https:\/\/skupautamaziss.pl\/","title":{"rendered":"Strona g\u0142\u00f3wna"},"content":{"rendered":"\n<div class=\"wp-block-cover alignfull is-light\" style=\"min-height:720px;aspect-ratio:unset;\"><video class=\"wp-block-cover__video-background intrinsic-ignore\" autoplay muted loop playsinline src=\"https:\/\/skupautamaziss.pl\/wp-content\/uploads\/2026\/02\/276161_small.mp4\" data-object-fit=\"cover\"><\/video><span aria-hidden=\"true\" class=\"wp-block-cover__background has-background-dim wp-block-cover__gradient-background has-background-gradient has-vivid-cyan-blue-to-vivid-purple-gradient-background\"><\/span><div class=\"wp-block-cover__inner-container is-layout-flow wp-block-cover-is-layout-flow\">\n<div class=\"inherit-container-width wp-block-group alignwide is-layout-constrained wp-block-group-is-layout-constrained\">\n<div class=\"wp-block-media-text alignwide has-media-on-the-right is-stacked-on-mobile is-vertically-aligned-center\" style=\"margin-top:var(--wp--preset--spacing--80);grid-template-columns:auto 35%\"><div class=\"wp-block-media-text__content\">\n<h1 class=\"wp-block-heading has-text-align-left has-white-color has-text-color\">Odkupimy Twoje auto nawet w 60 minut!<\/h1>\n\n\n\n<p class=\"has-white-color has-text-color\">Oferujemy uczciwy i szybki&nbsp;<strong>skup samochod\u00f3w osobowych, dostawczych i terenowych<\/strong>&nbsp;na terenie Lublina oraz ca\u0142ego wojew\u00f3dztwa lubelskiego.<\/p>\n\n\n\n<div class=\"wp-block-buttons is-content-justification-left is-layout-flex wp-container-core-buttons-is-layout-1ed1511f wp-block-buttons-is-layout-flex\" style=\"padding-top:0;padding-right:0;padding-bottom:0;padding-left:0\">\n<div class=\"wp-block-button\"><a class=\"wp-block-button__link wp-element-button\" href=\"https:\/\/skupautamaziss.pl\/index.php\/kontakt\/\" style=\"padding-top:var(--wp--preset--spacing--50);padding-right:var(--wp--preset--spacing--50);padding-bottom:var(--wp--preset--spacing--50);padding-left:var(--wp--preset--spacing--50)\">Skontaktuj si\u0119 z nami<\/a><\/div>\n<\/div>\n<\/div><figure class=\"wp-block-media-text__media\"><img loading=\"lazy\" decoding=\"async\" width=\"512\" height=\"512\" src=\"https:\/\/skupautamaziss.pl\/wp-content\/uploads\/2026\/02\/kobietaMezczyzna-alpha2.png\" alt=\"\" class=\"wp-image-56 size-full\" srcset=\"https:\/\/skupautamaziss.pl\/wp-content\/uploads\/2026\/02\/kobietaMezczyzna-alpha2.png 512w, https:\/\/skupautamaziss.pl\/wp-content\/uploads\/2026\/02\/kobietaMezczyzna-alpha2-300x300.png 300w, https:\/\/skupautamaziss.pl\/wp-content\/uploads\/2026\/02\/kobietaMezczyzna-alpha2-150x150.png 150w\" sizes=\"auto, (max-width: 512px) 100vw, 512px\" \/><\/figure><\/div>\n<\/div>\n<\/div><\/div>\n\n\n\n<div class=\"wp-block-group alignfull has-ast-global-color-5-background-color has-background is-layout-constrained wp-container-core-group-is-layout-9cedb757 wp-block-group-is-layout-constrained\" style=\"padding-bottom:0px\">\n<div class=\"wp-block-columns are-vertically-aligned-top is-layout-flex wp-container-core-columns-is-layout-00723822 wp-block-columns-is-layout-flex\">\n<div class=\"wp-block-column is-vertically-aligned-top is-layout-flow wp-container-core-column-is-layout-6b73ce23 wp-block-column-is-layout-flow\">\n<figure class=\"wp-block-image size-full\"><img loading=\"lazy\" decoding=\"async\" width=\"184\" height=\"183\" src=\"https:\/\/skupautamaziss.pl\/wp-content\/uploads\/2026\/02\/ico-firma.png\" alt=\"\" class=\"wp-image-59\" srcset=\"https:\/\/skupautamaziss.pl\/wp-content\/uploads\/2026\/02\/ico-firma.png 184w, https:\/\/skupautamaziss.pl\/wp-content\/uploads\/2026\/02\/ico-firma-150x150.png 150w\" sizes=\"auto, (max-width: 184px) 100vw, 184px\" \/><\/figure>\n\n\n\n<h3 class=\"wp-block-heading has-text-align-left\" style=\"margin-top:16px\">Lokalna Firma<\/h3>\n\n\n\n<p class=\"has-text-align-left\">Dzia\u0142amy tutaj od lat. Znamy lokalny rynek i realne ceny aut w naszej okolicy.<\/p>\n<\/div>\n\n\n\n<div class=\"wp-block-column is-vertically-aligned-top is-layout-flow wp-container-core-column-is-layout-6b73ce23 wp-block-column-is-layout-flow\">\n<figure class=\"wp-block-image size-full\"><img loading=\"lazy\" decoding=\"async\" width=\"184\" height=\"183\" src=\"https:\/\/skupautamaziss.pl\/wp-content\/uploads\/2026\/02\/ico-laweta.png\" alt=\"\" class=\"wp-image-60\" srcset=\"https:\/\/skupautamaziss.pl\/wp-content\/uploads\/2026\/02\/ico-laweta.png 184w, https:\/\/skupautamaziss.pl\/wp-content\/uploads\/2026\/02\/ico-laweta-150x150.png 150w\" sizes=\"auto, (max-width: 184px) 100vw, 184px\" \/><\/figure>\n\n\n\n<h3 class=\"wp-block-heading has-text-align-left\" style=\"margin-top:16px\">Darmowy dojazd i wycena<\/h3>\n\n\n\n<p class=\"has-text-align-left\">Bezp\u0142atna wycena i ogl\u0119dziny pod wskazanym adresem. Oszcz\u0119dzasz sw\u00f3j czas i paliwo.<\/p>\n<\/div>\n\n\n\n<div class=\"wp-block-column is-vertically-aligned-top is-layout-flow wp-container-core-column-is-layout-6b73ce23 wp-block-column-is-layout-flow\">\n<figure class=\"wp-block-image size-full\"><img loading=\"lazy\" decoding=\"async\" width=\"184\" height=\"183\" src=\"https:\/\/skupautamaziss.pl\/wp-content\/uploads\/2026\/02\/ico-formalnosci.png\" alt=\"\" class=\"wp-image-61\" srcset=\"https:\/\/skupautamaziss.pl\/wp-content\/uploads\/2026\/02\/ico-formalnosci.png 184w, https:\/\/skupautamaziss.pl\/wp-content\/uploads\/2026\/02\/ico-formalnosci-150x150.png 150w\" sizes=\"auto, (max-width: 184px) 100vw, 184px\" \/><\/figure>\n\n\n\n<h3 class=\"wp-block-heading has-text-align-left\" style=\"margin-top:16px\">Formalno\u015bci za\u0142atwimy za Ciebie<\/h3>\n\n\n\n<p class=\"has-text-align-left\">Zajmujemy si\u0119 wszystkimi dokumentami. Ty podpisujesz umow\u0119 i bierzesz pieni\u0105dze.<\/p>\n<\/div>\n\n\n\n<div class=\"wp-block-column is-vertically-aligned-top is-layout-flow wp-container-core-column-is-layout-6b73ce23 wp-block-column-is-layout-flow\">\n<figure class=\"wp-block-image size-full\"><img loading=\"lazy\" decoding=\"async\" width=\"184\" height=\"183\" src=\"https:\/\/skupautamaziss.pl\/wp-content\/uploads\/2026\/02\/ico-cash.png\" alt=\"\" class=\"wp-image-62\" srcset=\"https:\/\/skupautamaziss.pl\/wp-content\/uploads\/2026\/02\/ico-cash.png 184w, https:\/\/skupautamaziss.pl\/wp-content\/uploads\/2026\/02\/ico-cash-150x150.png 150w\" sizes=\"auto, (max-width: 184px) 100vw, 184px\" \/><\/figure>\n\n\n\n<h3 class=\"wp-block-heading has-text-align-left\" style=\"margin-top:16px\">Ekspresowa transakcja<\/h3>\n\n\n\n<p class=\"has-text-align-left\">Ca\u0142y proces od zg\u0142oszenia do wyp\u0142aty zajmuje mniej ni\u017c 60 minut. Szybciej ni\u017c wizyta u mechanika.<\/p>\n<\/div>\n<\/div>\n<\/div>\n\n\n\n<div class=\"wp-block-group alignfull is-layout-constrained wp-container-core-group-is-layout-45b0ac4f wp-block-group-is-layout-constrained\" id=\"services\" style=\"padding-top:144px;padding-bottom:0px\">\n<h2 class=\"wp-block-heading\">Nasze us\u0142ugi<\/h2>\n\n\n\n<div class=\"wp-block-columns is-layout-flex wp-container-core-columns-is-layout-60cbf9bb wp-block-columns-is-layout-flex\" style=\"margin-top:50px\">\n<div class=\"wp-block-column is-layout-flow wp-container-core-column-is-layout-6b73ce23 wp-block-column-is-layout-flow\">\n<figure class=\"wp-block-image size-full\"><img loading=\"lazy\" decoding=\"async\" width=\"1024\" height=\"1024\" src=\"https:\/\/skupautamaziss.pl\/wp-content\/uploads\/2026\/02\/skupaut-amaziss.jpg\" alt=\"Skup aut w ka\u017cdym stanie, skup aut Lublin\" class=\"wp-image-144\" srcset=\"https:\/\/skupautamaziss.pl\/wp-content\/uploads\/2026\/02\/skupaut-amaziss.jpg 1024w, https:\/\/skupautamaziss.pl\/wp-content\/uploads\/2026\/02\/skupaut-amaziss-300x300.jpg 300w, https:\/\/skupautamaziss.pl\/wp-content\/uploads\/2026\/02\/skupaut-amaziss-150x150.jpg 150w, https:\/\/skupautamaziss.pl\/wp-content\/uploads\/2026\/02\/skupaut-amaziss-768x768.jpg 768w\" sizes=\"auto, (max-width: 1024px) 100vw, 1024px\" \/><\/figure>\n\n\n\n<h3 class=\"wp-block-heading\" style=\"margin-top:16px\"><strong>Skup aut w ka\u017cdym stanie<\/strong><\/h3>\n\n\n\n<p><strong>Sprzedaj auto szybko i bez stresu<\/strong><\/p>\n\n\n\n<p>Oferujemy uczciw\u0105 wycen\u0119, darmowy dojazd i got\u00f3wk\u0119 od r\u0119ki. Skupujemy wszystkie marki i modele \u2013 niezale\u017cnie od stanu technicznego. Ca\u0142y proces zajmuje mniej ni\u017c godzin\u0119.<\/p>\n\n\n\n<div class=\"wp-block-buttons is-content-justification-center is-layout-flex wp-container-core-buttons-is-layout-a89b3969 wp-block-buttons-is-layout-flex\">\n<div class=\"wp-block-button has-custom-width wp-block-button__width-100\"><a class=\"wp-block-button__link wp-element-button\" href=\"https:\/\/skupautamaziss.pl\/index.php\/kontakt\/\" style=\"padding-top:var(--wp--preset--spacing--40);padding-bottom:var(--wp--preset--spacing--40)\"><strong>Sprawd\u017a ofert\u0119 <\/strong><\/a><\/div>\n<\/div>\n<\/div>\n\n\n\n<div class=\"wp-block-column is-layout-flow wp-container-core-column-is-layout-6b73ce23 wp-block-column-is-layout-flow\">\n<figure class=\"wp-block-image size-full\"><img loading=\"lazy\" decoding=\"async\" width=\"1024\" height=\"1024\" src=\"https:\/\/skupautamaziss.pl\/wp-content\/uploads\/2026\/02\/kasacjaAut-amaziss.jpg\" alt=\"Kasacja aut z pe\u0142nymi dokumentami\" class=\"wp-image-145\" srcset=\"https:\/\/skupautamaziss.pl\/wp-content\/uploads\/2026\/02\/kasacjaAut-amaziss.jpg 1024w, https:\/\/skupautamaziss.pl\/wp-content\/uploads\/2026\/02\/kasacjaAut-amaziss-300x300.jpg 300w, https:\/\/skupautamaziss.pl\/wp-content\/uploads\/2026\/02\/kasacjaAut-amaziss-150x150.jpg 150w, https:\/\/skupautamaziss.pl\/wp-content\/uploads\/2026\/02\/kasacjaAut-amaziss-768x768.jpg 768w\" sizes=\"auto, (max-width: 1024px) 100vw, 1024px\" \/><\/figure>\n\n\n\n<h3 class=\"wp-block-heading\" style=\"margin-top:16px\"><strong>Kasacja aut<\/strong><\/h3>\n\n\n\n<p><strong>Kasacja z pe\u0142nymi dokumentami<\/strong><\/p>\n\n\n\n<p>Zajmujemy si\u0119 legalnym i ekologicznym z\u0142omowaniem pojazd\u00f3w. Wystawiamy za\u015bwiadczenie o demonta\u017cu wymagane w wydziale komunikacji. Przyjazne dla \u015brodowiska i zgodne z prawem.<\/p>\n\n\n\n<div class=\"wp-block-buttons is-layout-flex wp-block-buttons-is-layout-flex\">\n<div class=\"wp-block-button has-custom-width wp-block-button__width-100\"><a class=\"wp-block-button__link wp-element-button\" href=\"https:\/\/skupautamaziss.pl\/index.php\/kontakt\/\" style=\"padding-top:var(--wp--preset--spacing--40);padding-bottom:var(--wp--preset--spacing--40)\"><strong>Oddaj auto do kasacji<\/strong><\/a><\/div>\n<\/div>\n<\/div>\n\n\n\n<div class=\"wp-block-column is-layout-flow wp-container-core-column-is-layout-6b73ce23 wp-block-column-is-layout-flow\">\n<figure class=\"wp-block-image size-full\"><img loading=\"lazy\" decoding=\"async\" width=\"1024\" height=\"1024\" src=\"https:\/\/skupautamaziss.pl\/wp-content\/uploads\/2026\/02\/zlomowanieAut-amaziss.jpg\" alt=\"Z\u0142omowanie aut bez kolejki i formalno\u015bci\" class=\"wp-image-147\" srcset=\"https:\/\/skupautamaziss.pl\/wp-content\/uploads\/2026\/02\/zlomowanieAut-amaziss.jpg 1024w, https:\/\/skupautamaziss.pl\/wp-content\/uploads\/2026\/02\/zlomowanieAut-amaziss-300x300.jpg 300w, https:\/\/skupautamaziss.pl\/wp-content\/uploads\/2026\/02\/zlomowanieAut-amaziss-150x150.jpg 150w, https:\/\/skupautamaziss.pl\/wp-content\/uploads\/2026\/02\/zlomowanieAut-amaziss-768x768.jpg 768w\" sizes=\"auto, (max-width: 1024px) 100vw, 1024px\" \/><\/figure>\n\n\n\n<h3 class=\"wp-block-heading\" style=\"margin-top:16px\"><strong>Z\u0142omowanie aut<\/strong><\/h3>\n\n\n\n<p><strong>Z\u0142omowanie bez kolejki i formalno\u015bci<\/strong><\/p>\n\n\n\n<p>Przyje\u017cd\u017camy, zabieramy auto, za\u0142atwiamy papierki. Oferujemy atrakcyjne stawki za z\u0142om oraz darmowy holownik z terenu Lublina i okolic. Szybko, legalnie, profesjonalnie.<\/p>\n\n\n\n<div class=\"wp-block-buttons is-layout-flex wp-block-buttons-is-layout-flex\">\n<div class=\"wp-block-button has-custom-width wp-block-button__width-100\"><a class=\"wp-block-button__link wp-element-button\" href=\"https:\/\/skupautamaziss.pl\/index.php\/kontakt\/\" style=\"padding-top:var(--wp--preset--spacing--40);padding-bottom:var(--wp--preset--spacing--40)\"><strong>Zam\u00f3w odbi\u00f3r auta<\/strong><\/a><\/div>\n<\/div>\n<\/div>\n<\/div>\n<\/div>\n\n\n\n<div class=\"wp-block-group alignfull has-ast-global-color-5-background-color has-background is-layout-constrained wp-container-core-group-is-layout-94d206d0 wp-block-group-is-layout-constrained\" id=\"about\" style=\"padding-top:143px;padding-bottom:144px\">\n<div class=\"wp-block-media-text has-media-on-the-right is-stacked-on-mobile is-vertically-aligned-center\"><div class=\"wp-block-media-text__content\">\n<div class=\"inherit-container-width wp-block-group is-layout-constrained wp-container-core-group-is-layout-47ce07ec wp-block-group-is-layout-constrained\" style=\"padding-right:80px\">\n<h2 class=\"wp-block-heading\" style=\"padding-right:40px\">Pomo\u017cemy spieni\u0119\u017cy\u0107 Twoje auto!<\/h2>\n\n\n\n<p>Masz auto, kt\u00f3re zajmuje miejsce w gara\u017cu lub wymaga kosztownych napraw? Nie musisz szuka\u0107 kupca przez miesi\u0105ce i prowadzi\u0107 m\u0119cz\u0105cych negocjacji. Dzia\u0142amy szybko i profesjonalnie \u2013&nbsp;<strong>wystarczy jeden telefon<\/strong>, aby pozby\u0107 si\u0119 problemu i w kr\u00f3tkim czasie otrzyma\u0107 atrakcyjn\u0105 sum\u0119 pieni\u0119dzy.<\/p>\n\n\n\n<p>Oferujemy&nbsp;<strong>bezp\u0142atn\u0105, rzeteln\u0105 wycen\u0119 online lub telefonicznie<\/strong>, darmowy dojazd na ogl\u0119dziny w dogodnym dla Ciebie miejscu oraz&nbsp;<strong>got\u00f3wk\u0119 od r\u0119ki<\/strong>. Zajmujemy si\u0119 te\u017c wszystkimi formalno\u015bciami. Twoja rola? Tylko si\u0119 z nami skontaktowa\u0107 i zdecydowa\u0107 o sprzeda\u017cy.<\/p>\n\n\n\n<div class=\"wp-block-buttons is-layout-flex wp-block-buttons-is-layout-flex\">\n<div class=\"wp-block-button has-custom-width wp-block-button__width-100\"><a class=\"wp-block-button__link has-text-align-center wp-element-button\" href=\"https:\/\/skupautamaziss.pl\/index.php\/kontakt\/\">Skontaktuj si\u0119 z nami.<\/a><\/div>\n<\/div>\n<\/div>\n<\/div><figure class=\"wp-block-media-text__media\"><img loading=\"lazy\" decoding=\"async\" width=\"1024\" height=\"854\" src=\"https:\/\/skupautamaziss.pl\/wp-content\/uploads\/2026\/02\/1000032500.jpg\" alt=\"\" class=\"wp-image-66 size-full\" srcset=\"https:\/\/skupautamaziss.pl\/wp-content\/uploads\/2026\/02\/1000032500.jpg 1024w, https:\/\/skupautamaziss.pl\/wp-content\/uploads\/2026\/02\/1000032500-300x250.jpg 300w, https:\/\/skupautamaziss.pl\/wp-content\/uploads\/2026\/02\/1000032500-768x641.jpg 768w\" sizes=\"auto, (max-width: 1024px) 100vw, 1024px\" \/><\/figure><\/div>\n<\/div>\n\n\n\n<div class=\"wp-block-group alignfull has-ast-global-color-4-background-color has-background is-layout-constrained wp-container-core-group-is-layout-6a2cfb7b wp-block-group-is-layout-constrained\" id=\"reviews\">\n<figure class=\"wp-block-image aligncenter size-full\"><img loading=\"lazy\" decoding=\"async\" width=\"184\" height=\"183\" src=\"https:\/\/skupautamaziss.pl\/wp-content\/uploads\/2026\/02\/ico-man.png\" alt=\"\" class=\"wp-image-65\" srcset=\"https:\/\/skupautamaziss.pl\/wp-content\/uploads\/2026\/02\/ico-man.png 184w, https:\/\/skupautamaziss.pl\/wp-content\/uploads\/2026\/02\/ico-man-150x150.png 150w\" sizes=\"auto, (max-width: 184px) 100vw, 184px\" \/><\/figure>\n\n\n\n<p class=\"has-text-align-center\" style=\"font-size:22px;line-height:1.6\"><strong>&#8222;Moja stara Toyota Corolla ju\u017c ledwo zipa\u0142a. Ba\u0142em si\u0119 ca\u0142ego procesu sprzeda\u017cy, papierk\u00f3w, negocjacji&#8230; Zadzwoni\u0142em do SkupAutAmaziss bardziej z ciekawo\u015bci. Ju\u017c w telefonie pan Krzysztof wyt\u0142umaczy\u0142 mi wszystko krok po kroku, bez cukrzenia. Na drugi dzie\u0144 przyjechali, auto obejrzeli, zaproponowali uczciw\u0105 cen\u0119 (wy\u017csz\u0105, ni\u017c si\u0119 spodziewa\u0142em!). Pieni\u0105dze dosta\u0142em od r\u0119ki, a oni zaj\u0119li si\u0119 papierkami. To by\u0142a pierwsza w moim \u017cyciu tak bezstresowa transakcja samochodowa. Gdybym jeszcze kiedy\u015b mia\u0142 auto do sprzedania, wiem ju\u017c, do kogo dzwoni\u0107. Dzi\u0119kuj\u0119!&#8221;<\/strong><\/p>\n\n\n\n<p class=\"has-text-align-center\"><strong>Piotrek, Lublin<\/strong><\/p>\n<\/div>\n\n\n\n<div class=\"wp-block-group alignfull is-layout-constrained wp-container-core-group-is-layout-3fee123f wp-block-group-is-layout-constrained\" id=\"whyus\" style=\"padding-top:144px;padding-bottom:144px\">\n<h2 class=\"wp-block-heading\">Dlaczego My?<\/h2>\n\n\n\n<div class=\"wp-block-columns is-layout-flex wp-container-core-columns-is-layout-29aadeec wp-block-columns-is-layout-flex\" style=\"margin-top:60px\">\n<div class=\"wp-block-column is-layout-flow wp-container-core-column-is-layout-6b73ce23 wp-block-column-is-layout-flow\">\n<figure class=\"wp-block-image size-full\"><img loading=\"lazy\" decoding=\"async\" width=\"184\" height=\"183\" src=\"https:\/\/skupautamaziss.pl\/wp-content\/uploads\/2026\/02\/ico-serce.png\" alt=\"\" class=\"wp-image-67\" srcset=\"https:\/\/skupautamaziss.pl\/wp-content\/uploads\/2026\/02\/ico-serce.png 184w, https:\/\/skupautamaziss.pl\/wp-content\/uploads\/2026\/02\/ico-serce-150x150.png 150w\" sizes=\"auto, (max-width: 184px) 100vw, 184px\" \/><\/figure>\n\n\n\n<h3 class=\"wp-block-heading\" style=\"margin-top:16px\">Z pasj\u0105<\/h3>\n\n\n\n<p>Dla nas ka\u017cdy samoch\u00f3d ma histori\u0119<\/p>\n<\/div>\n\n\n\n<div class=\"wp-block-column is-layout-flow wp-container-core-column-is-layout-6b73ce23 wp-block-column-is-layout-flow\">\n<figure class=\"wp-block-image size-full\"><img loading=\"lazy\" decoding=\"async\" width=\"184\" height=\"183\" src=\"https:\/\/skupautamaziss.pl\/wp-content\/uploads\/2026\/02\/ico-hands.png\" alt=\"\" class=\"wp-image-69\" srcset=\"https:\/\/skupautamaziss.pl\/wp-content\/uploads\/2026\/02\/ico-hands.png 184w, https:\/\/skupautamaziss.pl\/wp-content\/uploads\/2026\/02\/ico-hands-150x150.png 150w\" sizes=\"auto, (max-width: 184px) 100vw, 184px\" \/><\/figure>\n\n\n\n<h3 class=\"wp-block-heading\" style=\"margin-top:16px\">Profesjonalnie<\/h3>\n\n\n\n<p>Przejrzyste warunki, jasna umowa<\/p>\n<\/div>\n\n\n\n<div class=\"wp-block-column is-layout-flow wp-container-core-column-is-layout-6b73ce23 wp-block-column-is-layout-flow\">\n<figure class=\"wp-block-image size-full\"><img loading=\"lazy\" decoding=\"async\" width=\"184\" height=\"183\" src=\"https:\/\/skupautamaziss.pl\/wp-content\/uploads\/2026\/02\/ico-people-1.png\" alt=\"\" class=\"wp-image-70\" srcset=\"https:\/\/skupautamaziss.pl\/wp-content\/uploads\/2026\/02\/ico-people-1.png 184w, https:\/\/skupautamaziss.pl\/wp-content\/uploads\/2026\/02\/ico-people-1-150x150.png 150w\" sizes=\"auto, (max-width: 184px) 100vw, 184px\" \/><\/figure>\n\n\n\n<h3 class=\"wp-block-heading\" style=\"margin-top:16px\">Bezpiecznie<\/h3>\n\n\n\n<p>Pe\u0142na ochrona prawna transakcji<\/p>\n<\/div>\n<\/div>\n<\/div>\n\n\n\n<div class=\"wp-block-group alignfull has-cool-to-warm-spectrum-gradient-background has-background is-layout-constrained wp-container-core-group-is-layout-cfcca693 wp-block-group-is-layout-constrained\" id=\"contact\" style=\"padding-top:104px;padding-bottom:104px\">\n<h2 class=\"wp-block-heading has-text-align-center has-text-color\" style=\"color:#ffffff\">Sprzedaj auto ju\u017c dzisiaj!<\/h2>\n\n\n\n<div class=\"wp-block-buttons alignwide is-horizontal is-content-justification-center is-layout-flex wp-container-core-buttons-is-layout-bba8380a wp-block-buttons-is-layout-flex\" style=\"margin-top:50px\">\n<div class=\"wp-block-button\"><a class=\"wp-block-button__link wp-element-button\" href=\"https:\/\/skupautamaziss.pl\/index.php\/kontakt\/\" style=\"padding-top:var(--wp--preset--spacing--50);padding-right:var(--wp--preset--spacing--50);padding-bottom:var(--wp--preset--spacing--50);padding-left:var(--wp--preset--spacing--50)\">Skontaktuj si\u0119 z nami!<\/a><\/div>\n<\/div>\n<\/div>\n","protected":false},"excerpt":{"rendered":"<p>Lokalna Firma Dzia\u0142amy tutaj od lat. Znamy lokalny rynek i realne ceny aut w naszej okolicy. Darmowy dojazd i wycena [&hellip;]<\/p>\n","protected":false},"author":1,"featured_media":0,"parent":0,"menu_order":0,"comment_status":"closed","ping_status":"closed","template":"","meta":{"_uag_custom_page_level_css":"","site-sidebar-layout":"no-sidebar","site-content-layout":"plain-container","ast-site-content-layout":"default","site-content-style":"default","site-sidebar-style":"default","ast-global-header-display":"","ast-banner-title-visibility":"","ast-main-header-display":"","ast-hfb-above-header-display":"","ast-hfb-below-header-display":"","ast-hfb-mobile-header-display":"","site-post-title":"disabled","ast-breadcrumbs-content":"","ast-featured-img":"","footer-sml-layout":"","ast-disable-related-posts":"","theme-transparent-header-meta":"enabled","adv-header-id-meta":"","stick-header-meta":"","header-above-stick-meta":"","header-main-stick-meta":"","header-below-stick-meta":"","astra-migrate-meta-layouts":"default","ast-page-background-enabled":"default","ast-page-background-meta":{"desktop":{"background-color":"var(--ast-global-color-5)","background-image":"","background-repeat":"repeat","background-position":"center center","background-size":"auto","background-attachment":"scroll","background-type":"","background-media":"","overlay-type":"","overlay-color":"","overlay-opacity":"","overlay-gradient":""},"tablet":{"background-color":"","background-image":"","background-repeat":"repeat","background-position":"center center","background-size":"auto","background-attachment":"scroll","background-type":"","background-media":"","overlay-type":"","overlay-color":"","overlay-opacity":"","overlay-gradient":""},"mobile":{"background-color":"","background-image":"","background-repeat":"repeat","background-position":"center center","background-size":"auto","background-attachment":"scroll","background-type":"","background-media":"","overlay-type":"","overlay-color":"","overlay-opacity":"","overlay-gradient":""}},"ast-content-background-meta":{"desktop":{"background-color":"var(--ast-global-color-4)","background-image":"","background-repeat":"repeat","background-position":"center center","background-size":"auto","background-attachment":"scroll","background-type":"","background-media":"","overlay-type":"","overlay-color":"","overlay-opacity":"","overlay-gradient":""},"tablet":{"background-color":"var(--ast-global-color-4)","background-image":"","background-repeat":"repeat","background-position":"center center","background-size":"auto","background-attachment":"scroll","background-type":"","background-media":"","overlay-type":"","overlay-color":"","overlay-opacity":"","overlay-gradient":""},"mobile":{"background-color":"var(--ast-global-color-4)","background-image":"","background-repeat":"repeat","background-position":"center center","background-size":"auto","background-attachment":"scroll","background-type":"","background-media":"","overlay-type":"","overlay-color":"","overlay-opacity":"","overlay-gradient":""}},"footnotes":""},"class_list":["post-7","page","type-page","status-publish","hentry"],"uagb_featured_image_src":{"full":false,"thumbnail":false,"medium":false,"medium_large":false,"large":false,"1536x1536":false,"2048x2048":false},"uagb_author_info":{"display_name":"admin","author_link":"https:\/\/skupautamaziss.pl\/index.php\/author\/admin\/"},"uagb_comment_info":0,"uagb_excerpt":"Lokalna Firma Dzia\u0142amy tutaj od lat. Znamy lokalny rynek i realne ceny aut w naszej okolicy. Darmowy dojazd i wycena [&hellip;]","_links":{"self":[{"href":"https:\/\/skupautamaziss.pl\/index.php\/wp-json\/wp\/v2\/pages\/7","targetHints":{"allow":["GET"]}}],"collection":[{"href":"https:\/\/skupautamaziss.pl\/index.php\/wp-json\/wp\/v2\/pages"}],"about":[{"href":"https:\/\/skupautamaziss.pl\/index.php\/wp-json\/wp\/v2\/types\/page"}],"author":[{"embeddable":true,"href":"https:\/\/skupautamaziss.pl\/index.php\/wp-json\/wp\/v2\/users\/1"}],"replies":[{"embeddable":true,"href":"https:\/\/skupautamaziss.pl\/index.php\/wp-json\/wp\/v2\/comments?post=7"}],"version-history":[{"count":26,"href":"https:\/\/skupautamaziss.pl\/index.php\/wp-json\/wp\/v2\/pages\/7\/revisions"}],"predecessor-version":[{"id":170,"href":"https:\/\/skupautamaziss.pl\/index.php\/wp-json\/wp\/v2\/pages\/7\/revisions\/170"}],"wp:attachment":[{"href":"https:\/\/skupautamaziss.pl\/index.php\/wp-json\/wp\/v2\/media?parent=7"}],"curies":[{"name":"wp","href":"https:\/\/api.w.org\/{rel}","templated":true}]}}